{"id":13,"date":"2021-11-16T15:27:18","date_gmt":"2021-11-16T14:27:18","guid":{"rendered":"https:\/\/gnimpressions.fr\/?page_id=13"},"modified":"2023-02-15T17:07:39","modified_gmt":"2023-02-15T16:07:39","slug":"imprimeur-en-chambre","status":"publish","type":"page","link":"https:\/\/gnimpressions.fr\/","title":{"rendered":"Besoin d&rsquo;une impression\u2026"},"content":{"rendered":"\n<h2 class=\"has-text-align-right wp-block-heading\" id=\"nous-avons-des-solutions-pour-vous\">\u2026nous avons des solutions pour vous !<\/h2>\n\n\n\n<div class=\"alignwide\"><div id=\"metaslider-id-143\" style=\"max-width: 1000px;\" class=\"ml-slider-3-97-0 metaslider metaslider-nivo metaslider-143 ml-slider ms-theme-default\" role=\"region\" aria-roledescription=\"Slideshow\" aria-label=\"Nouveau diaporama\" data-width=\"1000\">\n    <div id=\"metaslider_container_143\">\n        <div class='slider-wrapper theme-default'><div class='ribbon'><\/div><div id='metaslider_143' class='nivoSlider'><img loading=\"lazy\" decoding=\"async\" src=\"https:\/\/gnimpressions.fr\/wp-content\/uploads\/2022\/01\/tampons-3-1000x250.png\" height=\"250\" width=\"1000\" title=\"tampons d&#039;imprimerie\" alt=\"\" class=\"slider-143 slide-145\" \/><img loading=\"lazy\" decoding=\"async\" src=\"https:\/\/gnimpressions.fr\/wp-content\/uploads\/2022\/01\/compte-fil-Pantone-2-1000x250.png\" height=\"250\" width=\"1000\" title=\"compte-fil + Pantone\" alt=\"\" class=\"slider-143 slide-152\" \/><img loading=\"lazy\" decoding=\"async\" src=\"https:\/\/gnimpressions.fr\/wp-content\/uploads\/2022\/01\/pc-1207886_1920-2-1000x250.png\" height=\"250\" width=\"1000\" title=\"maquette PAO\" alt=\"\" class=\"slider-143 slide-153\" \/><img loading=\"lazy\" decoding=\"async\" src=\"https:\/\/gnimpressions.fr\/wp-content\/uploads\/2022\/01\/top-view-books-arrangement-999x249.png\" height=\"250\" width=\"1000\" title=\"livres\" alt=\"\" class=\"slider-143 slide-157\" \/><img loading=\"lazy\" decoding=\"async\" src=\"https:\/\/gnimpressions.fr\/wp-content\/uploads\/2022\/01\/magazine-3526142_640-640x160.png\" height=\"250\" width=\"1000\" title=\"revues-magazines\" alt=\"\" class=\"slider-143 slide-160\" \/><\/div><\/div>\n        \n    <\/div>\n<\/div><\/div>\n\n\n\n<p class=\"has-text-align-center\" style=\"font-size:30px\"><strong><mark style=\"background-color:rgba(0, 0, 0, 0)\" class=\"has-inline-color has-ast-global-color-0-color\">CONSEILS<\/mark>  \u2013  <mark style=\"background-color:rgba(0, 0, 0, 0)\" class=\"has-inline-color has-ast-global-color-0-color\">MAQUETTES<\/mark>  \u2013  <mark style=\"background-color:rgba(0, 0, 0, 0)\" class=\"has-inline-color has-ast-global-color-0-color\">IMPRESSIONS<\/mark>  \u2013  <mark style=\"background-color:rgba(0, 0, 0, 0)\" class=\"has-inline-color has-ast-global-color-0-color\">PRIX<\/mark><\/strong> <mark style=\"background-color:rgba(0, 0, 0, 0)\" class=\"has-inline-color has-ast-global-color-0-color\"><strong>ATTRACTIFS<\/strong><\/mark><\/p>\n\n\n\n<p class=\"has-medium-font-size\">Parce que nous sommes dans un secteur d&rsquo;activit\u00e9 o\u00f9 l&rsquo;offre et la demande sont de plus en plus diversifi\u00e9s et complexes, <strong>G.N. Impressions peut vous aider \u00e0 y voir plus clair !<\/strong><\/p>\n\n\n\n<p class=\"has-medium-font-size\">Fort de nos multiples partenaires imprimeurs, s\u00e9lectionn\u00e9s pour leur s\u00e9rieux et la qualit\u00e9 de leurs prestations, G.N. Impressions s\u00e9lectionne le bon prestataire pour votre demande. <br>Nous n\u00e9gocions en amont tous les tarifs pour vous faire b\u00e9n\u00e9ficier des prix les plus comp\u00e9titifs.<\/p>\n\n\n\n<p class=\"has-medium-font-size\">Tous nos fournisseurs proposent des papiers issus de for\u00eats g\u00e9r\u00e9es durablement (certifications FSC ou PEFC), afin de pr\u00e9server nos ressources naturelles. <br>Le label \u00ab\u00a0Imprim&rsquo;vert\u00a0\u00bb, quant \u00e0 lui, vous garantira une impression dans le respect de l&rsquo;environnement (r\u00e9duction et recyclage conforme des d\u00e9chets, consommation \u00e9nerg\u00e9tique contenue\u2026)<\/p>\n\n\n\n<p class=\"has-medium-font-size\" style=\"font-style:normal;font-weight:400\"><strong>De la remise des fichiers (ou de leur cr\u00e9ation) jusqu&rsquo;\u00e0 la livraison, nous nous occupons de tout ! <\/strong><\/p>\n\n\n\n<p class=\"has-text-align-right has-medium-font-size\"><strong><mark style=\"background-color:rgba(0, 0, 0, 0)\" class=\"has-inline-color has-ast-global-color-0-color\"><em>Laissez-nous vous faire bonne IMPRESSION !<\/em><\/mark><\/strong><\/p>\n","protected":false},"excerpt":{"rendered":"<p>\u2026nous avons des solutions pour vous ! CONSEILS \u2013 MAQUETTES \u2013 IMPRESSIONS \u2013 PRIX ATTRACTIFS Parce que nous sommes dans un secteur d&rsquo;activit\u00e9 o\u00f9 l&rsquo;offre et la demande sont de plus en plus diversifi\u00e9s et complexes, G.N. Impressions peut vous aider \u00e0 y voir plus clair ! Fort de nos multiples partenaires imprimeurs, s\u00e9lectionn\u00e9s pour [&hellip;]<\/p>\n","protected":false},"author":1,"featured_media":0,"parent":0,"menu_order":0,"comment_status":"closed","ping_status":"closed","template":"","meta":{"site-sidebar-layout":"default","site-content-layout":"","ast-site-content-layout":"","site-content-style":"default","site-sidebar-style":"default","ast-global-header-display":"","ast-banner-title-visibility":"","ast-main-header-display":"","ast-hfb-above-header-display":"","ast-hfb-below-header-display":"","ast-hfb-mobile-header-display":"","site-post-title":"","ast-breadcrumbs-content":"","ast-featured-img":"","footer-sml-layout":"","theme-transparent-header-meta":"","adv-header-id-meta":"","stick-header-meta":"","header-above-stick-meta":"","header-main-stick-meta":"","header-below-stick-meta":"","astra-migrate-meta-layouts":"default","ast-page-background-enabled":"default","ast-page-background-meta":{"desktop":{"background-color":"var(--ast-global-color-4)","background-image":"","background-repeat":"repeat","background-position":"center center","background-size":"auto","background-attachment":"scroll","background-type":"","background-media":"","overlay-type":"","overlay-color":"","overlay-opacity":"","overlay-gradient":""},"tablet":{"background-color":"","background-image":"","background-repeat":"repeat","background-position":"center center","background-size":"auto","background-attachment":"scroll","background-type":"","background-media":"","overlay-type":"","overlay-color":"","overlay-opacity":"","overlay-gradient":""},"mobile":{"background-color":"","background-image":"","background-repeat":"repeat","background-position":"center center","background-size":"auto","background-attachment":"scroll","background-type":"","background-media":"","overlay-type":"","overlay-color":"","overlay-opacity":"","overlay-gradient":""}},"ast-content-background-meta":{"desktop":{"background-color":"var(--ast-global-color-5)","background-image":"","background-repeat":"repeat","background-position":"center center","background-size":"auto","background-attachment":"scroll","background-type":"","background-media":"","overlay-type":"","overlay-color":"","overlay-opacity":"","overlay-gradient":""},"tablet":{"background-color":"var(--ast-global-color-5)","background-image":"","background-repeat":"repeat","background-position":"center center","background-size":"auto","background-attachment":"scroll","background-type":"","background-media":"","overlay-type":"","overlay-color":"","overlay-opacity":"","overlay-gradient":""},"mobile":{"background-color":"var(--ast-global-color-5)","background-image":"","background-repeat":"repeat","background-position":"center center","background-size":"auto","background-attachment":"scroll","background-type":"","background-media":"","overlay-type":"","overlay-color":"","overlay-opacity":"","overlay-gradient":""}},"footnotes":""},"class_list":["post-13","page","type-page","status-publish","hentry"],"yoast_head":"<!-- This site is optimized with the Yoast SEO plugin v22.8 - https:\/\/yoast.com\/wordpress\/plugins\/seo\/ -->\n<title>Besoin d&#039;une impression\u2026 - GN Impressions<\/title>\n<meta name=\"robots\" content=\"index, follow, max-snippet:-1, max-image-preview:large, max-video-preview:-1\" \/>\n<link rel=\"canonical\" href=\"https:\/\/gnimpressions.fr\/\" \/>\n<meta property=\"og:locale\" content=\"fr_FR\" \/>\n<meta property=\"og:type\" content=\"article\" \/>\n<meta property=\"og:title\" content=\"Besoin d&#039;une impression\u2026 - GN Impressions\" \/>\n<meta property=\"og:description\" content=\"\u2026nous avons des solutions pour vous ! CONSEILS \u2013 MAQUETTES \u2013 IMPRESSIONS \u2013 PRIX ATTRACTIFS Parce que nous sommes dans un secteur d&rsquo;activit\u00e9 o\u00f9 l&rsquo;offre et la demande sont de plus en plus diversifi\u00e9s et complexes, G.N. Impressions peut vous aider \u00e0 y voir plus clair ! Fort de nos multiples partenaires imprimeurs, s\u00e9lectionn\u00e9s pour [&hellip;]\" \/>\n<meta property=\"og:url\" content=\"https:\/\/gnimpressions.fr\/\" \/>\n<meta property=\"og:site_name\" content=\"GN Impressions\" \/>\n<meta property=\"article:modified_time\" content=\"2023-02-15T16:07:39+00:00\" \/>\n<meta name=\"twitter:card\" content=\"summary_large_image\" \/>\n<meta name=\"twitter:label1\" content=\"Dur\u00e9e de lecture estim\u00e9e\" \/>\n\t<meta name=\"twitter:data1\" content=\"1 minute\" \/>\n<script type=\"application\/ld+json\" class=\"yoast-schema-graph\">{\"@context\":\"https:\/\/schema.org\",\"@graph\":[{\"@type\":\"WebPage\",\"@id\":\"https:\/\/gnimpressions.fr\/\",\"url\":\"https:\/\/gnimpressions.fr\/\",\"name\":\"Besoin d'une impression\u2026 - GN Impressions\",\"isPartOf\":{\"@id\":\"https:\/\/gnimpressions.fr\/#website\"},\"datePublished\":\"2021-11-16T14:27:18+00:00\",\"dateModified\":\"2023-02-15T16:07:39+00:00\",\"breadcrumb\":{\"@id\":\"https:\/\/gnimpressions.fr\/#breadcrumb\"},\"inLanguage\":\"fr-FR\",\"potentialAction\":[{\"@type\":\"ReadAction\",\"target\":[\"https:\/\/gnimpressions.fr\/\"]}]},{\"@type\":\"BreadcrumbList\",\"@id\":\"https:\/\/gnimpressions.fr\/#breadcrumb\",\"itemListElement\":[{\"@type\":\"ListItem\",\"position\":1,\"name\":\"Accueil\",\"item\":\"https:\/\/gnimpressions.fr\/\"},{\"@type\":\"ListItem\",\"position\":2,\"name\":\"Besoin d&rsquo;une impression\u2026\"}]},{\"@type\":\"WebSite\",\"@id\":\"https:\/\/gnimpressions.fr\/#website\",\"url\":\"https:\/\/gnimpressions.fr\/\",\"name\":\"GN Impressions\",\"description\":\"Imprimerie et studio sur Toulouse\",\"publisher\":{\"@id\":\"https:\/\/gnimpressions.fr\/#organization\"},\"potentialAction\":[{\"@type\":\"SearchAction\",\"target\":{\"@type\":\"EntryPoint\",\"urlTemplate\":\"https:\/\/gnimpressions.fr\/?s={search_term_string}\"},\"query-input\":\"required name=search_term_string\"}],\"inLanguage\":\"fr-FR\"},{\"@type\":\"Organization\",\"@id\":\"https:\/\/gnimpressions.fr\/#organization\",\"name\":\"GN Impressions\",\"url\":\"https:\/\/gnimpressions.fr\/\",\"logo\":{\"@type\":\"ImageObject\",\"inLanguage\":\"fr-FR\",\"@id\":\"https:\/\/gnimpressions.fr\/#\/schema\/logo\/image\/\",\"url\":\"https:\/\/gnimpressions.fr\/wp-content\/uploads\/2022\/02\/cropped-LOGO-GNI_colore\u0301.png\",\"contentUrl\":\"https:\/\/gnimpressions.fr\/wp-content\/uploads\/2022\/02\/cropped-LOGO-GNI_colore\u0301.png\",\"width\":321,\"height\":244,\"caption\":\"GN Impressions\"},\"image\":{\"@id\":\"https:\/\/gnimpressions.fr\/#\/schema\/logo\/image\/\"}}]}<\/script>\n<!-- \/ Yoast SEO plugin. -->","yoast_head_json":{"title":"Besoin d'une impression\u2026 - GN Impressions","robots":{"index":"index","follow":"follow","max-snippet":"max-snippet:-1","max-image-preview":"max-image-preview:large","max-video-preview":"max-video-preview:-1"},"canonical":"https:\/\/gnimpressions.fr\/","og_locale":"fr_FR","og_type":"article","og_title":"Besoin d'une impression\u2026 - GN Impressions","og_description":"\u2026nous avons des solutions pour vous ! CONSEILS \u2013 MAQUETTES \u2013 IMPRESSIONS \u2013 PRIX ATTRACTIFS Parce que nous sommes dans un secteur d&rsquo;activit\u00e9 o\u00f9 l&rsquo;offre et la demande sont de plus en plus diversifi\u00e9s et complexes, G.N. Impressions peut vous aider \u00e0 y voir plus clair ! Fort de nos multiples partenaires imprimeurs, s\u00e9lectionn\u00e9s pour [&hellip;]","og_url":"https:\/\/gnimpressions.fr\/","og_site_name":"GN Impressions","article_modified_time":"2023-02-15T16:07:39+00:00","twitter_card":"summary_large_image","twitter_misc":{"Dur\u00e9e de lecture estim\u00e9e":"1 minute"},"schema":{"@context":"https:\/\/schema.org","@graph":[{"@type":"WebPage","@id":"https:\/\/gnimpressions.fr\/","url":"https:\/\/gnimpressions.fr\/","name":"Besoin d'une impression\u2026 - GN Impressions","isPartOf":{"@id":"https:\/\/gnimpressions.fr\/#website"},"datePublished":"2021-11-16T14:27:18+00:00","dateModified":"2023-02-15T16:07:39+00:00","breadcrumb":{"@id":"https:\/\/gnimpressions.fr\/#breadcrumb"},"inLanguage":"fr-FR","potentialAction":[{"@type":"ReadAction","target":["https:\/\/gnimpressions.fr\/"]}]},{"@type":"BreadcrumbList","@id":"https:\/\/gnimpressions.fr\/#breadcrumb","itemListElement":[{"@type":"ListItem","position":1,"name":"Accueil","item":"https:\/\/gnimpressions.fr\/"},{"@type":"ListItem","position":2,"name":"Besoin d&rsquo;une impression\u2026"}]},{"@type":"WebSite","@id":"https:\/\/gnimpressions.fr\/#website","url":"https:\/\/gnimpressions.fr\/","name":"GN Impressions","description":"Imprimerie et studio sur Toulouse","publisher":{"@id":"https:\/\/gnimpressions.fr\/#organization"},"potentialAction":[{"@type":"SearchAction","target":{"@type":"EntryPoint","urlTemplate":"https:\/\/gnimpressions.fr\/?s={search_term_string}"},"query-input":"required name=search_term_string"}],"inLanguage":"fr-FR"},{"@type":"Organization","@id":"https:\/\/gnimpressions.fr\/#organization","name":"GN Impressions","url":"https:\/\/gnimpressions.fr\/","logo":{"@type":"ImageObject","inLanguage":"fr-FR","@id":"https:\/\/gnimpressions.fr\/#\/schema\/logo\/image\/","url":"https:\/\/gnimpressions.fr\/wp-content\/uploads\/2022\/02\/cropped-LOGO-GNI_colore\u0301.png","contentUrl":"https:\/\/gnimpressions.fr\/wp-content\/uploads\/2022\/02\/cropped-LOGO-GNI_colore\u0301.png","width":321,"height":244,"caption":"GN Impressions"},"image":{"@id":"https:\/\/gnimpressions.fr\/#\/schema\/logo\/image\/"}}]}},"_links":{"self":[{"href":"https:\/\/gnimpressions.fr\/index.php?rest_route=\/wp\/v2\/pages\/13","targetHints":{"allow":["GET"]}}],"collection":[{"href":"https:\/\/gnimpressions.fr\/index.php?rest_route=\/wp\/v2\/pages"}],"about":[{"href":"https:\/\/gnimpressions.fr\/index.php?rest_route=\/wp\/v2\/types\/page"}],"author":[{"embeddable":true,"href":"https:\/\/gnimpressions.fr\/index.php?rest_route=\/wp\/v2\/users\/1"}],"replies":[{"embeddable":true,"href":"https:\/\/gnimpressions.fr\/index.php?rest_route=%2Fwp%2Fv2%2Fcomments&post=13"}],"version-history":[{"count":58,"href":"https:\/\/gnimpressions.fr\/index.php?rest_route=\/wp\/v2\/pages\/13\/revisions"}],"predecessor-version":[{"id":505,"href":"https:\/\/gnimpressions.fr\/index.php?rest_route=\/wp\/v2\/pages\/13\/revisions\/505"}],"wp:attachment":[{"href":"https:\/\/gnimpressions.fr\/index.php?rest_route=%2Fwp%2Fv2%2Fmedia&parent=13"}],"curies":[{"name":"wp","href":"https:\/\/api.w.org\/{rel}","templated":true}]}}