{"id":17,"date":"2021-11-16T15:28:19","date_gmt":"2021-11-16T14:28:19","guid":{"rendered":"https:\/\/gnimpressions.fr\/?page_id=17"},"modified":"2023-02-16T11:24:27","modified_gmt":"2023-02-16T10:24:27","slug":"nos-services","status":"publish","type":"page","link":"https:\/\/gnimpressions.fr\/?page_id=17","title":{"rendered":"Nos services"},"content":{"rendered":"\n<p class=\"has-black-color has-text-color has-medium-font-size\">En passant commande chez nous, vous n&rsquo;aurez qu&rsquo;un seul interlocuteur pour mener \u00e0 terme votre projet quel qu&rsquo;il soit.<\/p>\n\n\n\n<div class=\"wp-block-media-text alignwide is-stacked-on-mobile\" style=\"grid-template-columns:26% auto\"><figure class=\"wp-block-media-text__media\"><img loading=\"lazy\" decoding=\"async\" width=\"236\" height=\"236\" src=\"https:\/\/gnimpressions.fr\/wp-content\/uploads\/2022\/01\/interrogation-copie.png\" alt=\"\" class=\"wp-image-228 size-full\" srcset=\"https:\/\/gnimpressions.fr\/wp-content\/uploads\/2022\/01\/interrogation-copie.png 236w, https:\/\/gnimpressions.fr\/wp-content\/uploads\/2022\/01\/interrogation-copie-150x150.png 150w\" sizes=\"auto, (max-width: 236px) 100vw, 236px\" \/><\/figure><div class=\"wp-block-media-text__content\">\n<p class=\"has-text-align-left has-medium-font-size\"><mark style=\"background-color:rgba(0, 0, 0, 0)\" class=\"has-inline-color has-ast-global-color-0-color\">Vous avez besoin de <strong>CONSEILS<\/strong> concernant :<\/mark><\/p>\n\n\n\n<ul class=\"wp-block-list\">\n<li>la maquette<\/li>\n\n\n\n<li>le format<\/li>\n\n\n\n<li>le papier<\/li>\n\n\n\n<li><span style=\"background-color: var(--ast-global-color-5);\">l&rsquo;impression<\/span><\/li>\n\n\n\n<li>la finition<\/li>\n\n\n\n<li>le d\u00e9lai de livraison<\/li>\n\n\n\n<li>ou toute autre question&#8230;<\/li>\n<\/ul>\n\n\n\n<p class=\"has-black-color has-text-color has-medium-font-size\">N&rsquo;h\u00e9sitez pas \u00e0 nous appeler au <strong><mark style=\"background-color:rgba(0, 0, 0, 0)\" class=\"has-inline-color has-ast-global-color-0-color\"><a href=\"tel:+33630316432\">06 30 31 64 32<\/a><\/mark><\/strong> ou <mark style=\"background-color:rgba(0, 0, 0, 0)\" class=\"has-inline-color has-ast-global-color-0-color\"><a referrerpolicy=\"origin\" href=\"tel:+33562795249\"><strong><a href=\"tel:+33562795249\">05 62 79 52 49<\/a><\/strong><\/a> <\/mark><br>ou \u00e0 nous consulter <em>via<\/em> la rubrique \u00ab\u00a0Contactez-nous\u00a0\u00bb<\/p>\n<\/div><\/div>\n\n\n\n<hr class=\"wp-block-separator has-css-opacity alignwide\"\/>\n\n\n\n<div style=\"height:40px\" aria-hidden=\"true\" class=\"wp-block-spacer\"><\/div>\n\n\n\n<div class=\"wp-block-media-text alignwide has-media-on-the-right is-stacked-on-mobile\" style=\"grid-template-columns:auto 26%\"><div class=\"wp-block-media-text__content\">\n<p class=\"has-medium-font-size\"><mark><mark style=\"background-color:rgba(0, 0, 0, 0)\" class=\"has-inline-color has-ast-global-color-0-color\">Vous avez besoin d&rsquo;une <strong>PRESTATION<\/strong><\/mark><mark style=\"background-color:rgba(0, 0, 0, 0)\" class=\"has-inline-color has-ast-global-color-0-color\"> :<\/mark><\/mark><\/p>\n\n\n\n<ul class=\"wp-block-list\">\n<li>de mise en page, <\/li>\n\n\n\n<li>de cr\u00e9ation de maquette,<\/li>\n\n\n\n<li>de retouche d&rsquo;images,<\/li>\n\n\n\n<li>ou autre service<\/li>\n<\/ul>\n\n\n\n<p class=\"has-black-color has-text-color has-medium-font-size\">Appelez-nous au <strong><mark style=\"background-color:rgba(0, 0, 0, 0)\" class=\"has-inline-color has-ast-global-color-0-color\"><a href=\"tel:+33630316432\">06 30 31 64 32<\/a><\/mark><\/strong> ou <mark style=\"background-color:rgba(0, 0, 0, 0)\" class=\"has-inline-color has-ast-global-color-0-color\"><a referrerpolicy=\"origin\" href=\"tel:+33562795249\"><strong><a href=\"tel:+33562795249\">05 62 79 52 49<\/a><\/strong><\/a> <\/mark><br>ou consultez-nous <em>via<\/em> la rubrique \u00ab\u00a0Contactez-nous\u00a0\u00bb<\/p>\n<\/div><figure class=\"wp-block-media-text__media\"><img loading=\"lazy\" decoding=\"async\" width=\"236\" height=\"236\" src=\"https:\/\/gnimpressions.fr\/wp-content\/uploads\/2022\/01\/rond_mots-copie-1.png\" alt=\"\" class=\"wp-image-230 size-full\" srcset=\"https:\/\/gnimpressions.fr\/wp-content\/uploads\/2022\/01\/rond_mots-copie-1.png 236w, https:\/\/gnimpressions.fr\/wp-content\/uploads\/2022\/01\/rond_mots-copie-1-150x150.png 150w\" sizes=\"auto, (max-width: 236px) 100vw, 236px\" \/><\/figure><\/div>\n\n\n\n<div style=\"height:40px\" aria-hidden=\"true\" class=\"wp-block-spacer\"><\/div>\n\n\n\n<hr class=\"wp-block-separator has-css-opacity alignwide\"\/>\n\n\n\n<div style=\"height:40px\" aria-hidden=\"true\" class=\"wp-block-spacer\"><\/div>\n\n\n\n<div class=\"wp-block-media-text alignwide is-stacked-on-mobile\" style=\"grid-template-columns:26% auto\"><figure class=\"wp-block-media-text__media\"><img loading=\"lazy\" decoding=\"async\" width=\"236\" height=\"236\" src=\"https:\/\/gnimpressions.fr\/wp-content\/uploads\/2022\/01\/rond-machines.png\" alt=\"\" class=\"wp-image-242 size-full\" srcset=\"https:\/\/gnimpressions.fr\/wp-content\/uploads\/2022\/01\/rond-machines.png 236w, https:\/\/gnimpressions.fr\/wp-content\/uploads\/2022\/01\/rond-machines-150x150.png 150w\" sizes=\"auto, (max-width: 236px) 100vw, 236px\" \/><\/figure><div class=\"wp-block-media-text__content\">\n<p class=\"has-text-align-left has-medium-font-size\"><mark style=\"background-color:rgba(0, 0, 0, 0)\" class=\"has-inline-color has-ast-global-color-0-color\">Vous avez besoin d&rsquo;<strong>IMPRIMER<\/strong><\/mark><mark style=\"background-color:rgba(0, 0, 0, 0)\" class=\"has-inline-color has-ast-global-color-0-color\"> :<\/mark><\/p>\n\n\n\n<p class=\"has-black-color has-text-color has-medium-font-size\">Du petit tirage (10 ex.) aux grosses quantit\u00e9s, nous r\u00e9pondons \u00e0 votre besoin&nbsp;!<\/p>\n\n\n\n<p class=\"has-black-color has-text-color has-medium-font-size\">Livres, beaux-livres, catalogues, brochures, d\u00e9pliants, flyers, affiches&#8230;<br>imprim\u00e9s en OFFSET, NUM\u00c9RIQUE, NOIR&nbsp;&amp; BLANC, QUADRI ;<br>Broch\u00e9s en dos carr\u00e9 coll\u00e9, dos cousu, reliure cartonn\u00e9e, Wire&rsquo;o&#8230;<\/p>\n\n\n\n<p class=\"has-black-color has-text-color has-medium-font-size\"><strong>Tous les styles d&rsquo;impressions et de finitions sont \u00e0 votre port\u00e9e !<\/strong><\/p>\n\n\n\n<p class=\"has-black-color has-text-color has-medium-font-size\">Appelez-nous au <strong><mark style=\"background-color:rgba(0, 0, 0, 0)\" class=\"has-inline-color has-ast-global-color-0-color\"><a href=\"tel:+33630316432\">06 30 31 64 32<\/a><\/mark><\/strong> ou <mark style=\"background-color:rgba(0, 0, 0, 0)\" class=\"has-inline-color has-ast-global-color-0-color\"><a referrerpolicy=\"origin\" href=\"tel:+33562795249\"><strong><a href=\"tel:+33562795249\">05 62 79 52 49<\/a><\/strong><\/a> <\/mark><br>ou consultez-nous <em>via<\/em> la rubrique \u00ab\u00a0DEMANDE DE DEVIS\u00a0\u00bb<\/p>\n<\/div><\/div>\n","protected":false},"excerpt":{"rendered":"<p>En passant commande chez nous, vous n&rsquo;aurez qu&rsquo;un seul interlocuteur pour mener \u00e0 terme votre projet quel qu&rsquo;il soit. Vous avez besoin d&rsquo;IMPRIMER : Du petit tirage (10 ex.) aux grosses quantit\u00e9s, nous r\u00e9pondons \u00e0 votre besoin&nbsp;! Livres, beaux-livres, catalogues, brochures, d\u00e9pliants, flyers, affiches&#8230;imprim\u00e9s en OFFSET, NUM\u00c9RIQUE, NOIR&nbsp;&amp; BLANC, QUADRI ;Broch\u00e9s en dos carr\u00e9 coll\u00e9, [&hellip;]<\/p>\n","protected":false},"author":1,"featured_media":0,"parent":0,"menu_order":0,"comment_status":"closed","ping_status":"closed","template":"","meta":{"site-sidebar-layout":"default","site-content-layout":"","ast-site-content-layout":"","site-content-style":"default","site-sidebar-style":"default","ast-global-header-display":"","ast-banner-title-visibility":"","ast-main-header-display":"","ast-hfb-above-header-display":"","ast-hfb-below-header-display":"","ast-hfb-mobile-header-display":"","site-post-title":"","ast-breadcrumbs-content":"","ast-featured-img":"","footer-sml-layout":"","theme-transparent-header-meta":"","adv-header-id-meta":"","stick-header-meta":"","header-above-stick-meta":"","header-main-stick-meta":"","header-below-stick-meta":"","astra-migrate-meta-layouts":"default","ast-page-background-enabled":"default","ast-page-background-meta":{"desktop":{"background-color":"var(--ast-global-color-4)","background-image":"","background-repeat":"repeat","background-position":"center center","background-size":"auto","background-attachment":"scroll","background-type":"","background-media":"","overlay-type":"","overlay-color":"","overlay-opacity":"","overlay-gradient":""},"tablet":{"background-color":"","background-image":"","background-repeat":"repeat","background-position":"center center","background-size":"auto","background-attachment":"scroll","background-type":"","background-media":"","overlay-type":"","overlay-color":"","overlay-opacity":"","overlay-gradient":""},"mobile":{"background-color":"","background-image":"","background-repeat":"repeat","background-position":"center center","background-size":"auto","background-attachment":"scroll","background-type":"","background-media":"","overlay-type":"","overlay-color":"","overlay-opacity":"","overlay-gradient":""}},"ast-content-background-meta":{"desktop":{"background-color":"var(--ast-global-color-5)","background-image":"","background-repeat":"repeat","background-position":"center center","background-size":"auto","background-attachment":"scroll","background-type":"","background-media":"","overlay-type":"","overlay-color":"","overlay-opacity":"","overlay-gradient":""},"tablet":{"background-color":"var(--ast-global-color-5)","background-image":"","background-repeat":"repeat","background-position":"center center","background-size":"auto","background-attachment":"scroll","background-type":"","background-media":"","overlay-type":"","overlay-color":"","overlay-opacity":"","overlay-gradient":""},"mobile":{"background-color":"var(--ast-global-color-5)","background-image":"","background-repeat":"repeat","background-position":"center center","background-size":"auto","background-attachment":"scroll","background-type":"","background-media":"","overlay-type":"","overlay-color":"","overlay-opacity":"","overlay-gradient":""}},"footnotes":""},"class_list":["post-17","page","type-page","status-publish","hentry"],"yoast_head":"<!-- This site is optimized with the Yoast SEO plugin v22.8 - https:\/\/yoast.com\/wordpress\/plugins\/seo\/ -->\n<title>Nos services - GN Impressions<\/title>\n<meta name=\"robots\" content=\"index, follow, max-snippet:-1, max-image-preview:large, max-video-preview:-1\" \/>\n<link rel=\"canonical\" href=\"https:\/\/gnimpressions.fr\/?page_id=17\" \/>\n<meta property=\"og:locale\" content=\"fr_FR\" \/>\n<meta property=\"og:type\" content=\"article\" \/>\n<meta property=\"og:title\" content=\"Nos services - GN Impressions\" \/>\n<meta property=\"og:description\" content=\"En passant commande chez nous, vous n&rsquo;aurez qu&rsquo;un seul interlocuteur pour mener \u00e0 terme votre projet quel qu&rsquo;il soit. Vous avez besoin d&rsquo;IMPRIMER : Du petit tirage (10 ex.) aux grosses quantit\u00e9s, nous r\u00e9pondons \u00e0 votre besoin&nbsp;! Livres, beaux-livres, catalogues, brochures, d\u00e9pliants, flyers, affiches&#8230;imprim\u00e9s en OFFSET, NUM\u00c9RIQUE, NOIR&nbsp;&amp; BLANC, QUADRI ;Broch\u00e9s en dos carr\u00e9 coll\u00e9, [&hellip;]\" \/>\n<meta property=\"og:url\" content=\"https:\/\/gnimpressions.fr\/?page_id=17\" \/>\n<meta property=\"og:site_name\" content=\"GN Impressions\" \/>\n<meta property=\"article:modified_time\" content=\"2023-02-16T10:24:27+00:00\" \/>\n<meta property=\"og:image\" content=\"https:\/\/gnimpressions.fr\/wp-content\/uploads\/2022\/01\/interrogation-copie.png\" \/>\n<meta name=\"twitter:card\" content=\"summary_large_image\" \/>\n<meta name=\"twitter:label1\" content=\"Dur\u00e9e de lecture estim\u00e9e\" \/>\n\t<meta name=\"twitter:data1\" content=\"1 minute\" \/>\n<script type=\"application\/ld+json\" class=\"yoast-schema-graph\">{\"@context\":\"https:\/\/schema.org\",\"@graph\":[{\"@type\":\"WebPage\",\"@id\":\"https:\/\/gnimpressions.fr\/?page_id=17\",\"url\":\"https:\/\/gnimpressions.fr\/?page_id=17\",\"name\":\"Nos services - GN Impressions\",\"isPartOf\":{\"@id\":\"https:\/\/gnimpressions.fr\/#website\"},\"primaryImageOfPage\":{\"@id\":\"https:\/\/gnimpressions.fr\/?page_id=17#primaryimage\"},\"image\":{\"@id\":\"https:\/\/gnimpressions.fr\/?page_id=17#primaryimage\"},\"thumbnailUrl\":\"https:\/\/gnimpressions.fr\/wp-content\/uploads\/2022\/01\/interrogation-copie.png\",\"datePublished\":\"2021-11-16T14:28:19+00:00\",\"dateModified\":\"2023-02-16T10:24:27+00:00\",\"breadcrumb\":{\"@id\":\"https:\/\/gnimpressions.fr\/?page_id=17#breadcrumb\"},\"inLanguage\":\"fr-FR\",\"potentialAction\":[{\"@type\":\"ReadAction\",\"target\":[\"https:\/\/gnimpressions.fr\/?page_id=17\"]}]},{\"@type\":\"ImageObject\",\"inLanguage\":\"fr-FR\",\"@id\":\"https:\/\/gnimpressions.fr\/?page_id=17#primaryimage\",\"url\":\"https:\/\/gnimpressions.fr\/wp-content\/uploads\/2022\/01\/interrogation-copie.png\",\"contentUrl\":\"https:\/\/gnimpressions.fr\/wp-content\/uploads\/2022\/01\/interrogation-copie.png\",\"width\":236,\"height\":236},{\"@type\":\"BreadcrumbList\",\"@id\":\"https:\/\/gnimpressions.fr\/?page_id=17#breadcrumb\",\"itemListElement\":[{\"@type\":\"ListItem\",\"position\":1,\"name\":\"Accueil\",\"item\":\"https:\/\/gnimpressions.fr\/\"},{\"@type\":\"ListItem\",\"position\":2,\"name\":\"Nos services\"}]},{\"@type\":\"WebSite\",\"@id\":\"https:\/\/gnimpressions.fr\/#website\",\"url\":\"https:\/\/gnimpressions.fr\/\",\"name\":\"GN Impressions\",\"description\":\"Imprimerie et studio sur Toulouse\",\"publisher\":{\"@id\":\"https:\/\/gnimpressions.fr\/#organization\"},\"potentialAction\":[{\"@type\":\"SearchAction\",\"target\":{\"@type\":\"EntryPoint\",\"urlTemplate\":\"https:\/\/gnimpressions.fr\/?s={search_term_string}\"},\"query-input\":\"required name=search_term_string\"}],\"inLanguage\":\"fr-FR\"},{\"@type\":\"Organization\",\"@id\":\"https:\/\/gnimpressions.fr\/#organization\",\"name\":\"GN Impressions\",\"url\":\"https:\/\/gnimpressions.fr\/\",\"logo\":{\"@type\":\"ImageObject\",\"inLanguage\":\"fr-FR\",\"@id\":\"https:\/\/gnimpressions.fr\/#\/schema\/logo\/image\/\",\"url\":\"https:\/\/gnimpressions.fr\/wp-content\/uploads\/2022\/02\/cropped-LOGO-GNI_colore\u0301.png\",\"contentUrl\":\"https:\/\/gnimpressions.fr\/wp-content\/uploads\/2022\/02\/cropped-LOGO-GNI_colore\u0301.png\",\"width\":321,\"height\":244,\"caption\":\"GN Impressions\"},\"image\":{\"@id\":\"https:\/\/gnimpressions.fr\/#\/schema\/logo\/image\/\"}}]}<\/script>\n<!-- \/ Yoast SEO plugin. -->","yoast_head_json":{"title":"Nos services - GN Impressions","robots":{"index":"index","follow":"follow","max-snippet":"max-snippet:-1","max-image-preview":"max-image-preview:large","max-video-preview":"max-video-preview:-1"},"canonical":"https:\/\/gnimpressions.fr\/?page_id=17","og_locale":"fr_FR","og_type":"article","og_title":"Nos services - GN Impressions","og_description":"En passant commande chez nous, vous n&rsquo;aurez qu&rsquo;un seul interlocuteur pour mener \u00e0 terme votre projet quel qu&rsquo;il soit. Vous avez besoin d&rsquo;IMPRIMER : Du petit tirage (10 ex.) aux grosses quantit\u00e9s, nous r\u00e9pondons \u00e0 votre besoin&nbsp;! Livres, beaux-livres, catalogues, brochures, d\u00e9pliants, flyers, affiches&#8230;imprim\u00e9s en OFFSET, NUM\u00c9RIQUE, NOIR&nbsp;&amp; BLANC, QUADRI ;Broch\u00e9s en dos carr\u00e9 coll\u00e9, [&hellip;]","og_url":"https:\/\/gnimpressions.fr\/?page_id=17","og_site_name":"GN Impressions","article_modified_time":"2023-02-16T10:24:27+00:00","og_image":[{"url":"https:\/\/gnimpressions.fr\/wp-content\/uploads\/2022\/01\/interrogation-copie.png"}],"twitter_card":"summary_large_image","twitter_misc":{"Dur\u00e9e de lecture estim\u00e9e":"1 minute"},"schema":{"@context":"https:\/\/schema.org","@graph":[{"@type":"WebPage","@id":"https:\/\/gnimpressions.fr\/?page_id=17","url":"https:\/\/gnimpressions.fr\/?page_id=17","name":"Nos services - GN Impressions","isPartOf":{"@id":"https:\/\/gnimpressions.fr\/#website"},"primaryImageOfPage":{"@id":"https:\/\/gnimpressions.fr\/?page_id=17#primaryimage"},"image":{"@id":"https:\/\/gnimpressions.fr\/?page_id=17#primaryimage"},"thumbnailUrl":"https:\/\/gnimpressions.fr\/wp-content\/uploads\/2022\/01\/interrogation-copie.png","datePublished":"2021-11-16T14:28:19+00:00","dateModified":"2023-02-16T10:24:27+00:00","breadcrumb":{"@id":"https:\/\/gnimpressions.fr\/?page_id=17#breadcrumb"},"inLanguage":"fr-FR","potentialAction":[{"@type":"ReadAction","target":["https:\/\/gnimpressions.fr\/?page_id=17"]}]},{"@type":"ImageObject","inLanguage":"fr-FR","@id":"https:\/\/gnimpressions.fr\/?page_id=17#primaryimage","url":"https:\/\/gnimpressions.fr\/wp-content\/uploads\/2022\/01\/interrogation-copie.png","contentUrl":"https:\/\/gnimpressions.fr\/wp-content\/uploads\/2022\/01\/interrogation-copie.png","width":236,"height":236},{"@type":"BreadcrumbList","@id":"https:\/\/gnimpressions.fr\/?page_id=17#breadcrumb","itemListElement":[{"@type":"ListItem","position":1,"name":"Accueil","item":"https:\/\/gnimpressions.fr\/"},{"@type":"ListItem","position":2,"name":"Nos services"}]},{"@type":"WebSite","@id":"https:\/\/gnimpressions.fr\/#website","url":"https:\/\/gnimpressions.fr\/","name":"GN Impressions","description":"Imprimerie et studio sur Toulouse","publisher":{"@id":"https:\/\/gnimpressions.fr\/#organization"},"potentialAction":[{"@type":"SearchAction","target":{"@type":"EntryPoint","urlTemplate":"https:\/\/gnimpressions.fr\/?s={search_term_string}"},"query-input":"required name=search_term_string"}],"inLanguage":"fr-FR"},{"@type":"Organization","@id":"https:\/\/gnimpressions.fr\/#organization","name":"GN Impressions","url":"https:\/\/gnimpressions.fr\/","logo":{"@type":"ImageObject","inLanguage":"fr-FR","@id":"https:\/\/gnimpressions.fr\/#\/schema\/logo\/image\/","url":"https:\/\/gnimpressions.fr\/wp-content\/uploads\/2022\/02\/cropped-LOGO-GNI_colore\u0301.png","contentUrl":"https:\/\/gnimpressions.fr\/wp-content\/uploads\/2022\/02\/cropped-LOGO-GNI_colore\u0301.png","width":321,"height":244,"caption":"GN Impressions"},"image":{"@id":"https:\/\/gnimpressions.fr\/#\/schema\/logo\/image\/"}}]}},"_links":{"self":[{"href":"https:\/\/gnimpressions.fr\/index.php?rest_route=\/wp\/v2\/pages\/17","targetHints":{"allow":["GET"]}}],"collection":[{"href":"https:\/\/gnimpressions.fr\/index.php?rest_route=\/wp\/v2\/pages"}],"about":[{"href":"https:\/\/gnimpressions.fr\/index.php?rest_route=\/wp\/v2\/types\/page"}],"author":[{"embeddable":true,"href":"https:\/\/gnimpressions.fr\/index.php?rest_route=\/wp\/v2\/users\/1"}],"replies":[{"embeddable":true,"href":"https:\/\/gnimpressions.fr\/index.php?rest_route=%2Fwp%2Fv2%2Fcomments&post=17"}],"version-history":[{"count":61,"href":"https:\/\/gnimpressions.fr\/index.php?rest_route=\/wp\/v2\/pages\/17\/revisions"}],"predecessor-version":[{"id":539,"href":"https:\/\/gnimpressions.fr\/index.php?rest_route=\/wp\/v2\/pages\/17\/revisions\/539"}],"wp:attachment":[{"href":"https:\/\/gnimpressions.fr\/index.php?rest_route=%2Fwp%2Fv2%2Fmedia&parent=17"}],"curies":[{"name":"wp","href":"https:\/\/api.w.org\/{rel}","templated":true}]}}