{"id":346,"date":"2022-02-01T12:37:46","date_gmt":"2022-02-01T11:37:46","guid":{"rendered":"https:\/\/gnimpressions.fr\/?page_id=346"},"modified":"2023-02-15T16:56:26","modified_gmt":"2023-02-15T15:56:26","slug":"demande-de-devis","status":"publish","type":"page","link":"https:\/\/gnimpressions.fr\/?page_id=346","title":{"rendered":"Nos produits"},"content":{"rendered":"\n<figure class=\"wp-block-image aligncenter size-full\"><img loading=\"lazy\" decoding=\"async\" width=\"1000\" height=\"563\" src=\"https:\/\/gnimpressions.fr\/wp-content\/uploads\/2022\/02\/photo-Livres-GNI-2-3.png\" alt=\"\" class=\"wp-image-416\" srcset=\"https:\/\/gnimpressions.fr\/wp-content\/uploads\/2022\/02\/photo-Livres-GNI-2-3.png 1000w, https:\/\/gnimpressions.fr\/wp-content\/uploads\/2022\/02\/photo-Livres-GNI-2-3-300x169.png 300w, https:\/\/gnimpressions.fr\/wp-content\/uploads\/2022\/02\/photo-Livres-GNI-2-3-768x432.png 768w\" sizes=\"auto, (max-width: 1000px) 100vw, 1000px\" \/><figcaption class=\"wp-element-caption\"><em>\u00c9chantillons de quelques unes de nos r\u00e9alisations<\/em>. <\/figcaption><\/figure>\n\n\n\n<div style=\"height:20px\" aria-hidden=\"true\" class=\"wp-block-spacer\"><\/div>\n\n\n\n<div class=\"wp-block-media-text alignwide is-stacked-on-mobile\"><figure class=\"wp-block-media-text__media\"><img loading=\"lazy\" decoding=\"async\" width=\"1024\" height=\"535\" src=\"https:\/\/gnimpressions.fr\/wp-content\/uploads\/2022\/02\/3-pre\u0301sentation_Livres-NB-1024x535.png\" alt=\"\" class=\"wp-image-386 size-full\" srcset=\"https:\/\/gnimpressions.fr\/wp-content\/uploads\/2022\/02\/3-pre\u0301sentation_Livres-NB-1024x535.png 1024w, https:\/\/gnimpressions.fr\/wp-content\/uploads\/2022\/02\/3-pre\u0301sentation_Livres-NB-300x157.png 300w, https:\/\/gnimpressions.fr\/wp-content\/uploads\/2022\/02\/3-pre\u0301sentation_Livres-NB-768x401.png 768w, https:\/\/gnimpressions.fr\/wp-content\/uploads\/2022\/02\/3-pre\u0301sentation_Livres-NB-1536x802.png 1536w, https:\/\/gnimpressions.fr\/wp-content\/uploads\/2022\/02\/3-pre\u0301sentation_Livres-NB-2048x1069.png 2048w\" sizes=\"auto, (max-width: 1024px) 100vw, 1024px\" \/><\/figure><div class=\"wp-block-media-text__content\">\n<p class=\"has-medium-font-size\"><em>Exemples de livres imprim\u00e9s en\u00a0Noir\u00a0&amp;\u00a0Blanc, <\/em><br><em>en dos carr\u00e9 coll\u00e9 ou cousu.<\/em><\/p>\n<\/div><\/div>\n\n\n\n<div class=\"wp-block-media-text alignwide has-media-on-the-right is-stacked-on-mobile\" style=\"grid-template-columns:auto 44%\"><div class=\"wp-block-media-text__content\">\n<p class=\"has-text-align-right has-medium-font-size\"><em>Exemples de livres imprim\u00e9s en Quadri, <\/em><br><em>avec couverture cartonn\u00e9e.<\/em><\/p>\n<\/div><figure class=\"wp-block-media-text__media\"><img loading=\"lazy\" decoding=\"async\" width=\"1024\" height=\"629\" src=\"https:\/\/gnimpressions.fr\/wp-content\/uploads\/2022\/02\/2-pre\u0301sentation_Livres-cartonne\u0301s-1024x629.png\" alt=\"\" class=\"wp-image-397 size-full\" srcset=\"https:\/\/gnimpressions.fr\/wp-content\/uploads\/2022\/02\/2-pre\u0301sentation_Livres-cartonne\u0301s-1024x629.png 1024w, https:\/\/gnimpressions.fr\/wp-content\/uploads\/2022\/02\/2-pre\u0301sentation_Livres-cartonne\u0301s-300x184.png 300w, https:\/\/gnimpressions.fr\/wp-content\/uploads\/2022\/02\/2-pre\u0301sentation_Livres-cartonne\u0301s-768x472.png 768w, https:\/\/gnimpressions.fr\/wp-content\/uploads\/2022\/02\/2-pre\u0301sentation_Livres-cartonne\u0301s-1536x943.png 1536w, https:\/\/gnimpressions.fr\/wp-content\/uploads\/2022\/02\/2-pre\u0301sentation_Livres-cartonne\u0301s.png 2036w\" sizes=\"auto, (max-width: 1024px) 100vw, 1024px\" \/><\/figure><\/div>\n\n\n\n<div class=\"wp-block-media-text alignwide is-stacked-on-mobile\" style=\"grid-template-columns:49% auto\"><figure class=\"wp-block-media-text__media\"><img loading=\"lazy\" decoding=\"async\" width=\"1024\" height=\"610\" src=\"https:\/\/gnimpressions.fr\/wp-content\/uploads\/2022\/02\/2-e\u0301tuis-1024x610.png\" alt=\"\" class=\"wp-image-410 size-full\" srcset=\"https:\/\/gnimpressions.fr\/wp-content\/uploads\/2022\/02\/2-e\u0301tuis-1024x610.png 1024w, https:\/\/gnimpressions.fr\/wp-content\/uploads\/2022\/02\/2-e\u0301tuis-300x179.png 300w, https:\/\/gnimpressions.fr\/wp-content\/uploads\/2022\/02\/2-e\u0301tuis-768x458.png 768w, https:\/\/gnimpressions.fr\/wp-content\/uploads\/2022\/02\/2-e\u0301tuis-1536x915.png 1536w, https:\/\/gnimpressions.fr\/wp-content\/uploads\/2022\/02\/2-e\u0301tuis-2048x1221.png 2048w\" sizes=\"auto, (max-width: 1024px) 100vw, 1024px\" \/><\/figure><div class=\"wp-block-media-text__content\">\n<p class=\"has-medium-font-size\"><em>Exemples d&rsquo;\u00e9tuis \/ fourreaux.<\/em><\/p>\n<\/div><\/div>\n\n\n\n<div class=\"wp-block-media-text alignwide has-media-on-the-right is-stacked-on-mobile\" style=\"grid-template-columns:auto 52%\"><div class=\"wp-block-media-text__content\">\n<p class=\"has-text-align-right has-medium-font-size\"><em>Exemple de coffret, <\/em><br><em>avec fermeture aimant\u00e9e.<\/em><\/p>\n<\/div><figure class=\"wp-block-media-text__media\"><img loading=\"lazy\" decoding=\"async\" width=\"1024\" height=\"533\" src=\"https:\/\/gnimpressions.fr\/wp-content\/uploads\/2022\/02\/coffret-ouvert-ferme\u0301-1024x533.png\" alt=\"\" class=\"wp-image-404 size-full\" srcset=\"https:\/\/gnimpressions.fr\/wp-content\/uploads\/2022\/02\/coffret-ouvert-ferme\u0301-1024x533.png 1024w, https:\/\/gnimpressions.fr\/wp-content\/uploads\/2022\/02\/coffret-ouvert-ferme\u0301-300x156.png 300w, https:\/\/gnimpressions.fr\/wp-content\/uploads\/2022\/02\/coffret-ouvert-ferme\u0301-768x400.png 768w, https:\/\/gnimpressions.fr\/wp-content\/uploads\/2022\/02\/coffret-ouvert-ferme\u0301-1536x800.png 1536w, https:\/\/gnimpressions.fr\/wp-content\/uploads\/2022\/02\/coffret-ouvert-ferme\u0301-2048x1067.png 2048w\" sizes=\"auto, (max-width: 1024px) 100vw, 1024px\" \/><\/figure><\/div>\n","protected":false},"excerpt":{"rendered":"<p>Exemples de livres imprim\u00e9s en\u00a0Noir\u00a0&amp;\u00a0Blanc, en dos carr\u00e9 coll\u00e9 ou cousu. Exemples de livres imprim\u00e9s en Quadri, avec couverture cartonn\u00e9e. Exemples d&rsquo;\u00e9tuis \/ fourreaux. Exemple de coffret, avec fermeture aimant\u00e9e.<\/p>\n","protected":false},"author":1,"featured_media":0,"parent":0,"menu_order":0,"comment_status":"closed","ping_status":"closed","template":"","meta":{"site-sidebar-layout":"default","site-content-layout":"","ast-site-content-layout":"","site-content-style":"default","site-sidebar-style":"default","ast-global-header-display":"","ast-banner-title-visibility":"","ast-main-header-display":"","ast-hfb-above-header-display":"","ast-hfb-below-header-display":"","ast-hfb-mobile-header-display":"","site-post-title":"","ast-breadcrumbs-content":"","ast-featured-img":"","footer-sml-layout":"","theme-transparent-header-meta":"","adv-header-id-meta":"","stick-header-meta":"","header-above-stick-meta":"","header-main-stick-meta":"","header-below-stick-meta":"","astra-migrate-meta-layouts":"default","ast-page-background-enabled":"default","ast-page-background-meta":{"desktop":{"background-color":"var(--ast-global-color-4)","background-image":"","background-repeat":"repeat","background-position":"center center","background-size":"auto","background-attachment":"scroll","background-type":"","background-media":"","overlay-type":"","overlay-color":"","overlay-opacity":"","overlay-gradient":""},"tablet":{"background-color":"","background-image":"","background-repeat":"repeat","background-position":"center center","background-size":"auto","background-attachment":"scroll","background-type":"","background-media":"","overlay-type":"","overlay-color":"","overlay-opacity":"","overlay-gradient":""},"mobile":{"background-color":"","background-image":"","background-repeat":"repeat","background-position":"center center","background-size":"auto","background-attachment":"scroll","background-type":"","background-media":"","overlay-type":"","overlay-color":"","overlay-opacity":"","overlay-gradient":""}},"ast-content-background-meta":{"desktop":{"background-color":"var(--ast-global-color-5)","background-image":"","background-repeat":"repeat","background-position":"center center","background-size":"auto","background-attachment":"scroll","background-type":"","background-media":"","overlay-type":"","overlay-color":"","overlay-opacity":"","overlay-gradient":""},"tablet":{"background-color":"var(--ast-global-color-5)","background-image":"","background-repeat":"repeat","background-position":"center center","background-size":"auto","background-attachment":"scroll","background-type":"","background-media":"","overlay-type":"","overlay-color":"","overlay-opacity":"","overlay-gradient":""},"mobile":{"background-color":"var(--ast-global-color-5)","background-image":"","background-repeat":"repeat","background-position":"center center","background-size":"auto","background-attachment":"scroll","background-type":"","background-media":"","overlay-type":"","overlay-color":"","overlay-opacity":"","overlay-gradient":""}},"footnotes":""},"class_list":["post-346","page","type-page","status-publish","hentry"],"yoast_head":"<!-- This site is optimized with the Yoast SEO plugin v22.8 - https:\/\/yoast.com\/wordpress\/plugins\/seo\/ -->\n<title>Nos produits - GN Impressions<\/title>\n<meta name=\"robots\" content=\"index, follow, max-snippet:-1, max-image-preview:large, max-video-preview:-1\" \/>\n<link rel=\"canonical\" href=\"https:\/\/gnimpressions.fr\/?page_id=346\" \/>\n<meta property=\"og:locale\" content=\"fr_FR\" \/>\n<meta property=\"og:type\" content=\"article\" \/>\n<meta property=\"og:title\" content=\"Nos produits - GN Impressions\" \/>\n<meta property=\"og:description\" content=\"Exemples de livres imprim\u00e9s en\u00a0Noir\u00a0&amp;\u00a0Blanc, en dos carr\u00e9 coll\u00e9 ou cousu. Exemples de livres imprim\u00e9s en Quadri, avec couverture cartonn\u00e9e. Exemples d&rsquo;\u00e9tuis \/ fourreaux. Exemple de coffret, avec fermeture aimant\u00e9e.\" \/>\n<meta property=\"og:url\" content=\"https:\/\/gnimpressions.fr\/?page_id=346\" \/>\n<meta property=\"og:site_name\" content=\"GN Impressions\" \/>\n<meta property=\"article:modified_time\" content=\"2023-02-15T15:56:26+00:00\" \/>\n<meta property=\"og:image\" content=\"https:\/\/gnimpressions.fr\/wp-content\/uploads\/2022\/02\/photo-Livres-GNI-2-3.png\" \/>\n<meta name=\"twitter:card\" content=\"summary_large_image\" \/>\n<script type=\"application\/ld+json\" class=\"yoast-schema-graph\">{\"@context\":\"https:\/\/schema.org\",\"@graph\":[{\"@type\":\"WebPage\",\"@id\":\"https:\/\/gnimpressions.fr\/?page_id=346\",\"url\":\"https:\/\/gnimpressions.fr\/?page_id=346\",\"name\":\"Nos produits - GN Impressions\",\"isPartOf\":{\"@id\":\"https:\/\/gnimpressions.fr\/#website\"},\"primaryImageOfPage\":{\"@id\":\"https:\/\/gnimpressions.fr\/?page_id=346#primaryimage\"},\"image\":{\"@id\":\"https:\/\/gnimpressions.fr\/?page_id=346#primaryimage\"},\"thumbnailUrl\":\"https:\/\/gnimpressions.fr\/wp-content\/uploads\/2022\/02\/photo-Livres-GNI-2-3.png\",\"datePublished\":\"2022-02-01T11:37:46+00:00\",\"dateModified\":\"2023-02-15T15:56:26+00:00\",\"breadcrumb\":{\"@id\":\"https:\/\/gnimpressions.fr\/?page_id=346#breadcrumb\"},\"inLanguage\":\"fr-FR\",\"potentialAction\":[{\"@type\":\"ReadAction\",\"target\":[\"https:\/\/gnimpressions.fr\/?page_id=346\"]}]},{\"@type\":\"ImageObject\",\"inLanguage\":\"fr-FR\",\"@id\":\"https:\/\/gnimpressions.fr\/?page_id=346#primaryimage\",\"url\":\"https:\/\/gnimpressions.fr\/wp-content\/uploads\/2022\/02\/photo-Livres-GNI-2-3.png\",\"contentUrl\":\"https:\/\/gnimpressions.fr\/wp-content\/uploads\/2022\/02\/photo-Livres-GNI-2-3.png\",\"width\":1000,\"height\":563},{\"@type\":\"BreadcrumbList\",\"@id\":\"https:\/\/gnimpressions.fr\/?page_id=346#breadcrumb\",\"itemListElement\":[{\"@type\":\"ListItem\",\"position\":1,\"name\":\"Accueil\",\"item\":\"https:\/\/gnimpressions.fr\/\"},{\"@type\":\"ListItem\",\"position\":2,\"name\":\"Nos produits\"}]},{\"@type\":\"WebSite\",\"@id\":\"https:\/\/gnimpressions.fr\/#website\",\"url\":\"https:\/\/gnimpressions.fr\/\",\"name\":\"GN Impressions\",\"description\":\"Imprimerie et studio sur Toulouse\",\"publisher\":{\"@id\":\"https:\/\/gnimpressions.fr\/#organization\"},\"potentialAction\":[{\"@type\":\"SearchAction\",\"target\":{\"@type\":\"EntryPoint\",\"urlTemplate\":\"https:\/\/gnimpressions.fr\/?s={search_term_string}\"},\"query-input\":\"required name=search_term_string\"}],\"inLanguage\":\"fr-FR\"},{\"@type\":\"Organization\",\"@id\":\"https:\/\/gnimpressions.fr\/#organization\",\"name\":\"GN Impressions\",\"url\":\"https:\/\/gnimpressions.fr\/\",\"logo\":{\"@type\":\"ImageObject\",\"inLanguage\":\"fr-FR\",\"@id\":\"https:\/\/gnimpressions.fr\/#\/schema\/logo\/image\/\",\"url\":\"https:\/\/gnimpressions.fr\/wp-content\/uploads\/2022\/02\/cropped-LOGO-GNI_colore\u0301.png\",\"contentUrl\":\"https:\/\/gnimpressions.fr\/wp-content\/uploads\/2022\/02\/cropped-LOGO-GNI_colore\u0301.png\",\"width\":321,\"height\":244,\"caption\":\"GN Impressions\"},\"image\":{\"@id\":\"https:\/\/gnimpressions.fr\/#\/schema\/logo\/image\/\"}}]}<\/script>\n<!-- \/ Yoast SEO plugin. -->","yoast_head_json":{"title":"Nos produits - GN Impressions","robots":{"index":"index","follow":"follow","max-snippet":"max-snippet:-1","max-image-preview":"max-image-preview:large","max-video-preview":"max-video-preview:-1"},"canonical":"https:\/\/gnimpressions.fr\/?page_id=346","og_locale":"fr_FR","og_type":"article","og_title":"Nos produits - GN Impressions","og_description":"Exemples de livres imprim\u00e9s en\u00a0Noir\u00a0&amp;\u00a0Blanc, en dos carr\u00e9 coll\u00e9 ou cousu. Exemples de livres imprim\u00e9s en Quadri, avec couverture cartonn\u00e9e. Exemples d&rsquo;\u00e9tuis \/ fourreaux. Exemple de coffret, avec fermeture aimant\u00e9e.","og_url":"https:\/\/gnimpressions.fr\/?page_id=346","og_site_name":"GN Impressions","article_modified_time":"2023-02-15T15:56:26+00:00","og_image":[{"url":"https:\/\/gnimpressions.fr\/wp-content\/uploads\/2022\/02\/photo-Livres-GNI-2-3.png"}],"twitter_card":"summary_large_image","schema":{"@context":"https:\/\/schema.org","@graph":[{"@type":"WebPage","@id":"https:\/\/gnimpressions.fr\/?page_id=346","url":"https:\/\/gnimpressions.fr\/?page_id=346","name":"Nos produits - GN Impressions","isPartOf":{"@id":"https:\/\/gnimpressions.fr\/#website"},"primaryImageOfPage":{"@id":"https:\/\/gnimpressions.fr\/?page_id=346#primaryimage"},"image":{"@id":"https:\/\/gnimpressions.fr\/?page_id=346#primaryimage"},"thumbnailUrl":"https:\/\/gnimpressions.fr\/wp-content\/uploads\/2022\/02\/photo-Livres-GNI-2-3.png","datePublished":"2022-02-01T11:37:46+00:00","dateModified":"2023-02-15T15:56:26+00:00","breadcrumb":{"@id":"https:\/\/gnimpressions.fr\/?page_id=346#breadcrumb"},"inLanguage":"fr-FR","potentialAction":[{"@type":"ReadAction","target":["https:\/\/gnimpressions.fr\/?page_id=346"]}]},{"@type":"ImageObject","inLanguage":"fr-FR","@id":"https:\/\/gnimpressions.fr\/?page_id=346#primaryimage","url":"https:\/\/gnimpressions.fr\/wp-content\/uploads\/2022\/02\/photo-Livres-GNI-2-3.png","contentUrl":"https:\/\/gnimpressions.fr\/wp-content\/uploads\/2022\/02\/photo-Livres-GNI-2-3.png","width":1000,"height":563},{"@type":"BreadcrumbList","@id":"https:\/\/gnimpressions.fr\/?page_id=346#breadcrumb","itemListElement":[{"@type":"ListItem","position":1,"name":"Accueil","item":"https:\/\/gnimpressions.fr\/"},{"@type":"ListItem","position":2,"name":"Nos produits"}]},{"@type":"WebSite","@id":"https:\/\/gnimpressions.fr\/#website","url":"https:\/\/gnimpressions.fr\/","name":"GN Impressions","description":"Imprimerie et studio sur Toulouse","publisher":{"@id":"https:\/\/gnimpressions.fr\/#organization"},"potentialAction":[{"@type":"SearchAction","target":{"@type":"EntryPoint","urlTemplate":"https:\/\/gnimpressions.fr\/?s={search_term_string}"},"query-input":"required name=search_term_string"}],"inLanguage":"fr-FR"},{"@type":"Organization","@id":"https:\/\/gnimpressions.fr\/#organization","name":"GN Impressions","url":"https:\/\/gnimpressions.fr\/","logo":{"@type":"ImageObject","inLanguage":"fr-FR","@id":"https:\/\/gnimpressions.fr\/#\/schema\/logo\/image\/","url":"https:\/\/gnimpressions.fr\/wp-content\/uploads\/2022\/02\/cropped-LOGO-GNI_colore\u0301.png","contentUrl":"https:\/\/gnimpressions.fr\/wp-content\/uploads\/2022\/02\/cropped-LOGO-GNI_colore\u0301.png","width":321,"height":244,"caption":"GN Impressions"},"image":{"@id":"https:\/\/gnimpressions.fr\/#\/schema\/logo\/image\/"}}]}},"_links":{"self":[{"href":"https:\/\/gnimpressions.fr\/index.php?rest_route=\/wp\/v2\/pages\/346","targetHints":{"allow":["GET"]}}],"collection":[{"href":"https:\/\/gnimpressions.fr\/index.php?rest_route=\/wp\/v2\/pages"}],"about":[{"href":"https:\/\/gnimpressions.fr\/index.php?rest_route=\/wp\/v2\/types\/page"}],"author":[{"embeddable":true,"href":"https:\/\/gnimpressions.fr\/index.php?rest_route=\/wp\/v2\/users\/1"}],"replies":[{"embeddable":true,"href":"https:\/\/gnimpressions.fr\/index.php?rest_route=%2Fwp%2Fv2%2Fcomments&post=346"}],"version-history":[{"count":35,"href":"https:\/\/gnimpressions.fr\/index.php?rest_route=\/wp\/v2\/pages\/346\/revisions"}],"predecessor-version":[{"id":549,"href":"https:\/\/gnimpressions.fr\/index.php?rest_route=\/wp\/v2\/pages\/346\/revisions\/549"}],"wp:attachment":[{"href":"https:\/\/gnimpressions.fr\/index.php?rest_route=%2Fwp%2Fv2%2Fmedia&parent=346"}],"curies":[{"name":"wp","href":"https:\/\/api.w.org\/{rel}","templated":true}]}}