{"id":7,"date":"2021-11-16T15:26:30","date_gmt":"2021-11-16T14:26:30","guid":{"rendered":"https:\/\/gnimpressions.fr\/?page_id=7"},"modified":"2023-02-15T17:33:32","modified_gmt":"2023-02-15T16:33:32","slug":"la-societe","status":"publish","type":"page","link":"https:\/\/gnimpressions.fr\/?page_id=7","title":{"rendered":"Qui sommes-nous ?"},"content":{"rendered":"\n<p class=\"has-medium-font-size\">Notre \u00ab\u00a0\u00e9quipe\u00a0\u00bb est avant tout <em><strong><mark style=\"background-color:rgba(0, 0, 0, 0)\" class=\"has-inline-color has-ast-global-color-0-color\">une famille<\/mark><\/strong><\/em> !<br>C&rsquo;est dans cet esprit d&rsquo;unit\u00e9 et de bienveillance que nous avons le plaisir de mettre \u00e0 votre service nos conseils et nos comp\u00e9tences.<\/p>\n\n\n\n<p class=\"has-medium-font-size\">Le g\u00e9rant et fondateur de la soci\u00e9t\u00e9 GN\u00a0Impressions, Nello Gasbarri, \u0153uvre dans le secteur du livre depuis plus de trente ann\u00e9es durant lesquelles il a appris tous les rouages des diff\u00e9rents processus de fabrication.<\/p>\n\n\n\n<p class=\"has-medium-font-size\">C&rsquo;est fort de son savoir, qu&rsquo;en 2004 il d\u00e9cide de cr\u00e9er la sarl GN Impressions.<br>Tr\u00e8s t\u00f4t rejoint par sa fille Jennifer et son fils Claudio, l&rsquo;entreprise familiale prend son envol.<\/p>\n\n\n\n<p class=\"has-medium-font-size\">Sp\u00e9cialis\u00e9s au d\u00e9part dans l&rsquo;impression de livres, nous avons, au fil du temps et des r\u00e9alisations, d\u00e9velopp\u00e9 \u00e9galement un \u00ab\u00a0p\u00f4le\u00a0\u00bb cr\u00e9ation maquette et mise en page, exp\u00e9riment\u00e9, fiable <mark style=\"background-color:rgba(0, 0, 0, 0)\" class=\"has-inline-color has-ast-global-color-0-color\">et comp\u00e9titif<\/mark>.<\/p>\n","protected":false},"excerpt":{"rendered":"<p>Notre \u00ab\u00a0\u00e9quipe\u00a0\u00bb est avant tout une famille !C&rsquo;est dans cet esprit d&rsquo;unit\u00e9 et de bienveillance que nous avons le plaisir de mettre \u00e0 votre service nos conseils et nos comp\u00e9tences. Le g\u00e9rant et fondateur de la soci\u00e9t\u00e9 GN\u00a0Impressions, Nello Gasbarri, \u0153uvre dans le secteur du livre depuis plus de trente ann\u00e9es durant lesquelles il a [&hellip;]<\/p>\n","protected":false},"author":1,"featured_media":0,"parent":0,"menu_order":0,"comment_status":"closed","ping_status":"closed","template":"","meta":{"site-sidebar-layout":"default","site-content-layout":"","ast-site-content-layout":"","site-content-style":"default","site-sidebar-style":"default","ast-global-header-display":"","ast-banner-title-visibility":"","ast-main-header-display":"","ast-hfb-above-header-display":"","ast-hfb-below-header-display":"","ast-hfb-mobile-header-display":"","site-post-title":"","ast-breadcrumbs-content":"","ast-featured-img":"","footer-sml-layout":"","theme-transparent-header-meta":"","adv-header-id-meta":"","stick-header-meta":"","header-above-stick-meta":"","header-main-stick-meta":"","header-below-stick-meta":"","astra-migrate-meta-layouts":"default","ast-page-background-enabled":"default","ast-page-background-meta":{"desktop":{"background-color":"var(--ast-global-color-4)","background-image":"","background-repeat":"repeat","background-position":"center center","background-size":"auto","background-attachment":"scroll","background-type":"","background-media":"","overlay-type":"","overlay-color":"","overlay-opacity":"","overlay-gradient":""},"tablet":{"background-color":"","background-image":"","background-repeat":"repeat","background-position":"center center","background-size":"auto","background-attachment":"scroll","background-type":"","background-media":"","overlay-type":"","overlay-color":"","overlay-opacity":"","overlay-gradient":""},"mobile":{"background-color":"","background-image":"","background-repeat":"repeat","background-position":"center center","background-size":"auto","background-attachment":"scroll","background-type":"","background-media":"","overlay-type":"","overlay-color":"","overlay-opacity":"","overlay-gradient":""}},"ast-content-background-meta":{"desktop":{"background-color":"var(--ast-global-color-5)","background-image":"","background-repeat":"repeat","background-position":"center center","background-size":"auto","background-attachment":"scroll","background-type":"","background-media":"","overlay-type":"","overlay-color":"","overlay-opacity":"","overlay-gradient":""},"tablet":{"background-color":"var(--ast-global-color-5)","background-image":"","background-repeat":"repeat","background-position":"center center","background-size":"auto","background-attachment":"scroll","background-type":"","background-media":"","overlay-type":"","overlay-color":"","overlay-opacity":"","overlay-gradient":""},"mobile":{"background-color":"var(--ast-global-color-5)","background-image":"","background-repeat":"repeat","background-position":"center center","background-size":"auto","background-attachment":"scroll","background-type":"","background-media":"","overlay-type":"","overlay-color":"","overlay-opacity":"","overlay-gradient":""}},"footnotes":""},"class_list":["post-7","page","type-page","status-publish","hentry"],"yoast_head":"<!-- This site is optimized with the Yoast SEO plugin v22.8 - https:\/\/yoast.com\/wordpress\/plugins\/seo\/ -->\n<title>Qui sommes-nous ? - GN Impressions<\/title>\n<meta name=\"robots\" content=\"index, follow, max-snippet:-1, max-image-preview:large, max-video-preview:-1\" \/>\n<link rel=\"canonical\" href=\"https:\/\/gnimpressions.fr\/?page_id=7\" \/>\n<meta property=\"og:locale\" content=\"fr_FR\" \/>\n<meta property=\"og:type\" content=\"article\" \/>\n<meta property=\"og:title\" content=\"Qui sommes-nous ? - GN Impressions\" \/>\n<meta property=\"og:description\" content=\"Notre \u00ab\u00a0\u00e9quipe\u00a0\u00bb est avant tout une famille !C&rsquo;est dans cet esprit d&rsquo;unit\u00e9 et de bienveillance que nous avons le plaisir de mettre \u00e0 votre service nos conseils et nos comp\u00e9tences. Le g\u00e9rant et fondateur de la soci\u00e9t\u00e9 GN\u00a0Impressions, Nello Gasbarri, \u0153uvre dans le secteur du livre depuis plus de trente ann\u00e9es durant lesquelles il a [&hellip;]\" \/>\n<meta property=\"og:url\" content=\"https:\/\/gnimpressions.fr\/?page_id=7\" \/>\n<meta property=\"og:site_name\" content=\"GN Impressions\" \/>\n<meta property=\"article:modified_time\" content=\"2023-02-15T16:33:32+00:00\" \/>\n<meta name=\"twitter:card\" content=\"summary_large_image\" \/>\n<meta name=\"twitter:label1\" content=\"Dur\u00e9e de lecture estim\u00e9e\" \/>\n\t<meta name=\"twitter:data1\" content=\"1 minute\" \/>\n<script type=\"application\/ld+json\" class=\"yoast-schema-graph\">{\"@context\":\"https:\/\/schema.org\",\"@graph\":[{\"@type\":\"WebPage\",\"@id\":\"https:\/\/gnimpressions.fr\/?page_id=7\",\"url\":\"https:\/\/gnimpressions.fr\/?page_id=7\",\"name\":\"Qui sommes-nous ? - GN Impressions\",\"isPartOf\":{\"@id\":\"https:\/\/gnimpressions.fr\/#website\"},\"datePublished\":\"2021-11-16T14:26:30+00:00\",\"dateModified\":\"2023-02-15T16:33:32+00:00\",\"breadcrumb\":{\"@id\":\"https:\/\/gnimpressions.fr\/?page_id=7#breadcrumb\"},\"inLanguage\":\"fr-FR\",\"potentialAction\":[{\"@type\":\"ReadAction\",\"target\":[\"https:\/\/gnimpressions.fr\/?page_id=7\"]}]},{\"@type\":\"BreadcrumbList\",\"@id\":\"https:\/\/gnimpressions.fr\/?page_id=7#breadcrumb\",\"itemListElement\":[{\"@type\":\"ListItem\",\"position\":1,\"name\":\"Accueil\",\"item\":\"https:\/\/gnimpressions.fr\/\"},{\"@type\":\"ListItem\",\"position\":2,\"name\":\"Qui sommes-nous ?\"}]},{\"@type\":\"WebSite\",\"@id\":\"https:\/\/gnimpressions.fr\/#website\",\"url\":\"https:\/\/gnimpressions.fr\/\",\"name\":\"GN Impressions\",\"description\":\"Imprimerie et studio sur Toulouse\",\"publisher\":{\"@id\":\"https:\/\/gnimpressions.fr\/#organization\"},\"potentialAction\":[{\"@type\":\"SearchAction\",\"target\":{\"@type\":\"EntryPoint\",\"urlTemplate\":\"https:\/\/gnimpressions.fr\/?s={search_term_string}\"},\"query-input\":\"required name=search_term_string\"}],\"inLanguage\":\"fr-FR\"},{\"@type\":\"Organization\",\"@id\":\"https:\/\/gnimpressions.fr\/#organization\",\"name\":\"GN Impressions\",\"url\":\"https:\/\/gnimpressions.fr\/\",\"logo\":{\"@type\":\"ImageObject\",\"inLanguage\":\"fr-FR\",\"@id\":\"https:\/\/gnimpressions.fr\/#\/schema\/logo\/image\/\",\"url\":\"https:\/\/gnimpressions.fr\/wp-content\/uploads\/2022\/02\/cropped-LOGO-GNI_colore\u0301.png\",\"contentUrl\":\"https:\/\/gnimpressions.fr\/wp-content\/uploads\/2022\/02\/cropped-LOGO-GNI_colore\u0301.png\",\"width\":321,\"height\":244,\"caption\":\"GN Impressions\"},\"image\":{\"@id\":\"https:\/\/gnimpressions.fr\/#\/schema\/logo\/image\/\"}}]}<\/script>\n<!-- \/ Yoast SEO plugin. -->","yoast_head_json":{"title":"Qui sommes-nous ? - GN Impressions","robots":{"index":"index","follow":"follow","max-snippet":"max-snippet:-1","max-image-preview":"max-image-preview:large","max-video-preview":"max-video-preview:-1"},"canonical":"https:\/\/gnimpressions.fr\/?page_id=7","og_locale":"fr_FR","og_type":"article","og_title":"Qui sommes-nous ? - GN Impressions","og_description":"Notre \u00ab\u00a0\u00e9quipe\u00a0\u00bb est avant tout une famille !C&rsquo;est dans cet esprit d&rsquo;unit\u00e9 et de bienveillance que nous avons le plaisir de mettre \u00e0 votre service nos conseils et nos comp\u00e9tences. Le g\u00e9rant et fondateur de la soci\u00e9t\u00e9 GN\u00a0Impressions, Nello Gasbarri, \u0153uvre dans le secteur du livre depuis plus de trente ann\u00e9es durant lesquelles il a [&hellip;]","og_url":"https:\/\/gnimpressions.fr\/?page_id=7","og_site_name":"GN Impressions","article_modified_time":"2023-02-15T16:33:32+00:00","twitter_card":"summary_large_image","twitter_misc":{"Dur\u00e9e de lecture estim\u00e9e":"1 minute"},"schema":{"@context":"https:\/\/schema.org","@graph":[{"@type":"WebPage","@id":"https:\/\/gnimpressions.fr\/?page_id=7","url":"https:\/\/gnimpressions.fr\/?page_id=7","name":"Qui sommes-nous ? - GN Impressions","isPartOf":{"@id":"https:\/\/gnimpressions.fr\/#website"},"datePublished":"2021-11-16T14:26:30+00:00","dateModified":"2023-02-15T16:33:32+00:00","breadcrumb":{"@id":"https:\/\/gnimpressions.fr\/?page_id=7#breadcrumb"},"inLanguage":"fr-FR","potentialAction":[{"@type":"ReadAction","target":["https:\/\/gnimpressions.fr\/?page_id=7"]}]},{"@type":"BreadcrumbList","@id":"https:\/\/gnimpressions.fr\/?page_id=7#breadcrumb","itemListElement":[{"@type":"ListItem","position":1,"name":"Accueil","item":"https:\/\/gnimpressions.fr\/"},{"@type":"ListItem","position":2,"name":"Qui sommes-nous ?"}]},{"@type":"WebSite","@id":"https:\/\/gnimpressions.fr\/#website","url":"https:\/\/gnimpressions.fr\/","name":"GN Impressions","description":"Imprimerie et studio sur Toulouse","publisher":{"@id":"https:\/\/gnimpressions.fr\/#organization"},"potentialAction":[{"@type":"SearchAction","target":{"@type":"EntryPoint","urlTemplate":"https:\/\/gnimpressions.fr\/?s={search_term_string}"},"query-input":"required name=search_term_string"}],"inLanguage":"fr-FR"},{"@type":"Organization","@id":"https:\/\/gnimpressions.fr\/#organization","name":"GN Impressions","url":"https:\/\/gnimpressions.fr\/","logo":{"@type":"ImageObject","inLanguage":"fr-FR","@id":"https:\/\/gnimpressions.fr\/#\/schema\/logo\/image\/","url":"https:\/\/gnimpressions.fr\/wp-content\/uploads\/2022\/02\/cropped-LOGO-GNI_colore\u0301.png","contentUrl":"https:\/\/gnimpressions.fr\/wp-content\/uploads\/2022\/02\/cropped-LOGO-GNI_colore\u0301.png","width":321,"height":244,"caption":"GN Impressions"},"image":{"@id":"https:\/\/gnimpressions.fr\/#\/schema\/logo\/image\/"}}]}},"_links":{"self":[{"href":"https:\/\/gnimpressions.fr\/index.php?rest_route=\/wp\/v2\/pages\/7","targetHints":{"allow":["GET"]}}],"collection":[{"href":"https:\/\/gnimpressions.fr\/index.php?rest_route=\/wp\/v2\/pages"}],"about":[{"href":"https:\/\/gnimpressions.fr\/index.php?rest_route=\/wp\/v2\/types\/page"}],"author":[{"embeddable":true,"href":"https:\/\/gnimpressions.fr\/index.php?rest_route=\/wp\/v2\/users\/1"}],"replies":[{"embeddable":true,"href":"https:\/\/gnimpressions.fr\/index.php?rest_route=%2Fwp%2Fv2%2Fcomments&post=7"}],"version-history":[{"count":31,"href":"https:\/\/gnimpressions.fr\/index.php?rest_route=\/wp\/v2\/pages\/7\/revisions"}],"predecessor-version":[{"id":517,"href":"https:\/\/gnimpressions.fr\/index.php?rest_route=\/wp\/v2\/pages\/7\/revisions\/517"}],"wp:attachment":[{"href":"https:\/\/gnimpressions.fr\/index.php?rest_route=%2Fwp%2Fv2%2Fmedia&parent=7"}],"curies":[{"name":"wp","href":"https:\/\/api.w.org\/{rel}","templated":true}]}}